{"id":27,"date":"2021-10-01T11:11:03","date_gmt":"2021-10-01T11:11:03","guid":{"rendered":"https:\/\/neuroplan.de\/?page_id=27"},"modified":"2021-12-10T09:49:57","modified_gmt":"2021-12-10T09:49:57","slug":"willkommen-bei-den-intensivpflege-experten","status":"publish","type":"page","link":"https:\/\/neuroplan.de\/","title":{"rendered":"NeuroPlan"},"content":{"rendered":"\n<figure class=\"wp-block-image size-full is-resized keinrand\"><img loading=\"lazy\" decoding=\"async\" src=\"https:\/\/neuroplan.de\/wp-content\/uploads\/2021\/10\/haende.jpg\" alt=\"Wir machen das\" class=\"wp-image-75\" width=\"1920\" height=\"1281\" srcset=\"https:\/\/neuroplan.de\/wp-content\/uploads\/2021\/10\/haende.jpg 1920w, https:\/\/neuroplan.de\/wp-content\/uploads\/2021\/10\/haende-300x200.jpg 300w, https:\/\/neuroplan.de\/wp-content\/uploads\/2021\/10\/haende-1024x683.jpg 1024w, https:\/\/neuroplan.de\/wp-content\/uploads\/2021\/10\/haende-768x512.jpg 768w, https:\/\/neuroplan.de\/wp-content\/uploads\/2021\/10\/haende-1536x1025.jpg 1536w, https:\/\/neuroplan.de\/wp-content\/uploads\/2021\/10\/haende-1568x1046.jpg 1568w\" sizes=\"auto, (max-width: 1920px) 100vw, 1920px\" \/><\/figure>\n\n\n\n<h2 class=\"posmitte wp-block-heading\">Unsere Homepage ist noch in Arbeit.<\/h2>\n\n\n\n<hr class=\"wp-block-separator\"\/>\n\n\n\n<p><\/p>\n\n\n\n<p>Sie stehen vor der schwierigen Aufgabe eine bestm\u00f6gliche Versorgung f\u00fcr Ihren Patienten oder Angeh\u00f6rigen zu finden. Hierbei m\u00fcssen viele Aspekte ber\u00fccksichtigt werden.<\/p>\n\n\n\n<h2 class=\"wp-block-heading\">Wir bieten Ihnen an:<\/h2>\n\n\n\n<h3 class=\"wp-block-heading\">Unsere Fachbereiche <\/h3>\n\n\n\n<ul class=\"wp-block-list\"><li>\u00e4rztliche Behandlung und Betreuung<\/li><li>Physiotherapie<\/li><li>Ergotherapie<\/li><li>Logop\u00e4die <\/li><li>neurologisch ausgelegte, aktivierende Grund- und Behandlungspflege <\/li><li>psychosoziale Betreuung<\/li><li>Fortbildung<\/li><\/ul>\n\n\n\n<h3 class=\"wp-block-heading\">Unsere Kompetenzen<\/h3>\n\n\n\n<ul class=\"wp-block-list\"><li>Langzeitbeatmung<\/li><li>Weaning<\/li><li>Wundmanagement<\/li><li>Dekontamination<\/li><li>Labor                                                     <\/li><\/ul>\n\n\n\n<p>I<\/p>\n\n\n\n<p><\/p>\n\n\n\n<p><\/p>\n\n\n\n<p><\/p>\n\n\n\n<p><\/p>\n\n\n\n<p>NeuroPlan stellt die, auf Langzeit aus\u00adgerichtete Therapie und Pflege, mit fachlicher Kompetenz sicher.<\/p>\n\n\n\n<p>Jeder Patient erh\u00e4lt ein individuelles, speziell auf ihn zugeschnittenes Therapiekonzept, welches durch Therapievisiten und in Patientenfallbesprechungen  mit  \u00c4rzten,Therapeuten und Fachpflegekr\u00e4ften erstellt und gegebenfalls angepasst wird.<\/p>\n\n\n\n<h3 class=\"wp-block-heading\">Ziele k\u00f6nnen zum Beispiel sein:<\/h3>\n\n\n\n<p>Entw\u00f6hnung von maschineller Beatmung (Weaning)<\/p>\n\n\n\n<p>Anbahnung und Verbesserung des Schluckreflexes Dekan\u00fclisierung und Verschluss des Tracheostomas (Luftr\u00f6hrenschnitt)<\/p>\n\n\n\n<p>Vermeidung von Komplikationen<\/p>\n\n\n\n<p><\/p>\n\n\n\n<h3 class=\"wp-block-heading\">Die \u00e4rztliche Behandlung und Betreuung<\/h3>\n\n\n\n<p>Dem \u00e4rztlichen Dienst obliegt neben den akutmedizinischen Aufgaben ,die Koordination und \u00dcberwachung der Therapien. Das therapeutische Vorgehen wird aufgrund der Diagnostik in Zusammenarbeit mit einem Therapeuten festgelegt. Wir bieten medizinische Versorgung der Fachrichtungen Neurologie, An\u00e4sthesie und Allgemeinmedizin,Urologie,HNO,sowie innere Medizin.<\/p>\n\n\n\n<h3 class=\"wp-block-heading\">Die Physiotherapie<\/h3>\n\n\n\n<p>Hier steht die individuelle Einzeltherapie im Vordergrund. Diese sollte m\u00f6glichst kontinuierlich bei demselben Thera\u00adpeuten stattfinden. Regelm\u00e4\u00dfige Teambesprechungen und Dokumentation des aktuellen Befundes erm\u00f6glichen einen engen Austausch unter den Mitbehandlern und lassen so Be\u00adhandlungsfortschritte erkennen und die Therapie dementspre\u00adchend ausrichten. Folgende Konzepte finden Anwendung: Bobath, Cyriax, Affolter, Schlingentisch, Manuelle Therapie, Physikalische Therapie, Neurodynamik<\/p>\n\n\n\n<h3 class=\"wp-block-heading\">Die Ergotherapie<\/h3>\n\n\n\n<p>Das Ziel der ergotherapeutischen Behandlung ist es, ein Maxi\u00admum an Lebensqualit\u00e4t zu sichern und eine gr\u00f6\u00dftm\u00f6gliche Selbst\u00e4ndigkeit in allen Bereichen der pers\u00f6nlichen, h\u00e4usli\u00adchen und beruflichen Lebensf\u00fchrung zu erreichen. Daf\u00fcr ent\u00adwickelt und f\u00f6rdert sie die Voraussetzungen im motorischen, kognitiven, sozialen und psychischen Bereich. Die aktivierenden, handlungsorientierten Methoden finden unter Einsatz adap\u00adtierter \u00dcbungsmaterialien, handwerklicher Techniken, lebens\u00adpraktischer \u00dcbungen sowie kognitivem Trainingsmaterial statt.<\/p>\n\n\n\n<h3 class=\"wp-block-heading\">Die Logop\u00e4die<\/h3>\n\n\n\n<p>Die Logop\u00e4die befasst sich mit allen St\u00f6rungen der Sprache, des Sprechens, der Stimme, des Sprechablaufs, des Schluckens sowie St\u00f6rungen des Geh\u00f6rs, soweit sich diese auf die Sprache auswirken. Ziel jeder logop\u00e4dischen Behand\u00adlung ist die Wiederherstellung der beeintr\u00e4chtigten F\u00e4hig\u00adkeiten, das Erlernen von Kompensationsstrategien und so\u00admit die Reintegration in den Alltag.<\/p>\n\n\n\n<p>Grundpflege (therapieorientiert) und Behandlungspflege Durch ausschlie\u00dflich examinierte Gesundheits- und Kran\u00adkenpfleger\/innen und Kinderkrankenpfleger\/innen wird eine qualitativ hochwertige, aktivierend-therapeutische Pflege gew\u00e4hrleistet. Auf der Grundlage von pflegewissenschaftlichen Standards f\u00fchren wir eine individuell geplante, auf die Bed\u00fcrf\u00adnisse des Patienten abgestimmte Pflege durch.<\/p>\n\n\n\n<h3 class=\"wp-block-heading\">Die psychosoziale Betreuung<\/h3>\n\n\n\n<p>Patienten und deren Angeh\u00f6rige haben vielfach gro\u00dfe Sorgen und \u00c4ngste. Oft m\u00fcssen in Zusammenhang mit der Erkrankung Fragen \u00fcber die pers\u00f6nliche, famili\u00e4re und berufliche Situation und Zukunft neu \u00fcberdacht werden. Dabei ist es hilfreich, schon vor der Patientenaufnahme mit der Sozialberatung in der Neuroplan Kontakt aufzunehmen. In Beratungsgespr\u00e4chen kann die individuelle Situation er\u00f6rtert und Hilfestellung bei diversen Antr\u00e4gen gegeben werden. Ziel unserer psychosozialen Betreuung ist, den Patienten wieder zu integrieren, um ihm und seinen Angeh\u00f6rigen die Teilnahme an normalen und allt\u00e4glichen Dingen zu erm\u00f6glichen, Die p\u00e4dagogische Fr\u00fchf\u00f6rderung von Kindern wird durch Kooperationspartner sichergestellt. In enger Zusammenarbeit mit den Angeh\u00f6rigen werden Betreuungspl\u00e4ne und Aktivit\u00e4ten erarbeitet und durchgef\u00fchrt<\/p>\n\n\n\n<h3 class=\"wp-block-heading\">Fortbildung<\/h3>\n\n\n\n<p>Die laufende Fort- und Weiterbildung unserer Mitarbeiter garantiert, dass die Leistungen st\u00e4ndig auf dem neuesten wissenschaftlichen Stand erbracht werden. Durch interne und externe Schulungsma\u00dfnahmen gelingt es, die Fachlichkeit unserer Mitarbeiter permanent zu vertiefen. Das eigene Fort- und Weiterbildungszentrum kann auch von externen Interessenten besucht werden, die laufenden Schulungen sind auf unserer Internetseite abrufbar.<\/p>\n\n\n\n<h3 class=\"wp-block-heading\"><\/h3>\n\n\n\n<p>NeuroPlan verf\u00fcgt \u00fcber jeweils 6 Beatmungspl\u00e4tze. Es k\u00f6nnen alle g\u00e4ngigen Beatmungsmuster angewendet werden. Das besondere Augenmerk liegt auf dem Weaning.<\/p>\n\n\n\n<h3 class=\"wp-block-heading\">Weaning<\/h3>\n\n\n\n<p>Nach invasiver Langzeitbeatmung mittels Luftr\u00f6hrenschnitt bei schweren Erkrankungen oder Verletzungen stellt sich die Entw\u00f6hnungsphase des Patienten oft als \u00e4u\u00dferst schwierig dar.<\/p>\n\n\n\n<p>Teilweise ben\u00f6tigt es sehr lange Zeit, im Einzelfall bis zu mehreren Wochen, bis die Atemarbeit wieder vollst\u00e4ndig selbst \u00fcbernommen werden kann. Dabei wird die Atemunter\u00adst\u00fctzung durch das Beatmungssystem best\u00e4ndig durch Pro\u00adgrammierung der Einstellungen am Ger\u00e4t reduziert. Die Pa\u00adtienten erhalten zus\u00e4tzlich Physiotherapief\u00fcrdie Reaktivierung der Vitalit\u00e4tsfunktionen und der Atemmuskulatur. Eigens f\u00fcr die Weaning-Patienten halten wir zus\u00e4tzlich Spezialbetten vor. Die Betten erm\u00f6glichen eine optimale Eigenmobilisierung der Patienten.<\/p>\n\n\n\n<h3 class=\"wp-block-heading\">Wundmanagement<\/h3>\n\n\n\n<p>Wichtige Faktoren des Wundmanagements werden analysiert. Alle Ergebnisse des Wundheilungsverlaufes werden schriftlich und digital dokumentiert. Gemeinsam mit den behandelnden \u00c4rzten wird ein individuelles Wundmanagement festgelegt. Innerhalb eines \u00fcberschaubaren Zeitrahmens wird auch bei chronischen, akuten und gro\u00dffl\u00e4chigen Wunden eine Wundheilung erreicht.<\/p>\n\n\n\n<h3 class=\"wp-block-heading\">Labor<\/h3>\n\n\n\n<p>Das eigene Labor erm\u00f6glicht eine sofortige Diagnostik der Elektrolyte, Blutgase, H\u00e4moglobin und weitere Parameter. Diese Diagnosem\u00f6glichkeiten erlauben dem behandelnden Arzt eine sofortigeTherapie von akuten Ereignissen. Des Weiteren finden regelm\u00e4\u00dfige mikrobiologische Untersuchungen statt.<\/p>\n\n\n\n<h3 class=\"wp-block-heading\">Dekontamination (resistente Keime)<\/h3>\n\n\n\n<p>Neuroplan \u00fcbernimmt auch Patienten mit resistenten Keimen, z.B. MRSA. Ein spezielles Therapieregime in Verbindung mit einem konsequenten Hygienemanagement erm\u00f6glicht eine Dekontamination in einem festgelegten Zeitraum. Eine regelm\u00e4\u00dfig durchgef\u00fchrte mikrobiologische Diagnostik sichert das Therapieergebnis ab.<\/p>\n\n\n\n<h3 class=\"wp-block-heading\">Bridge(ing)-Konzept<\/h3>\n\n\n\n<figure class=\"wp-block-image size-large\"><img loading=\"lazy\" decoding=\"async\" width=\"1024\" height=\"721\" src=\"https:\/\/neuroplan.de\/wp-content\/uploads\/2021\/10\/Bridgeing-1-1024x721.png\" alt=\"\" class=\"wp-image-109\" srcset=\"https:\/\/neuroplan.de\/wp-content\/uploads\/2021\/10\/Bridgeing-1-1024x721.png 1024w, https:\/\/neuroplan.de\/wp-content\/uploads\/2021\/10\/Bridgeing-1-300x211.png 300w, https:\/\/neuroplan.de\/wp-content\/uploads\/2021\/10\/Bridgeing-1-768x541.png 768w, https:\/\/neuroplan.de\/wp-content\/uploads\/2021\/10\/Bridgeing-1-1536x1082.png 1536w, https:\/\/neuroplan.de\/wp-content\/uploads\/2021\/10\/Bridgeing-1-2048x1442.png 2048w, https:\/\/neuroplan.de\/wp-content\/uploads\/2021\/10\/Bridgeing-1-1568x1104.png 1568w\" sizes=\"auto, (max-width: 1024px) 100vw, 1024px\" \/><\/figure>\n\n\n\n<h3 class=\"wp-block-heading\">Neuroplan im \u00dcberblick<\/h3>\n\n\n\n<figure class=\"wp-block-table\"><table><tbody><tr><td> Bettenzahl&nbsp; <\/td><td>insgesamt 60 Betten, davon 10 Beatmungspl\u00e4tze, Ein-und Zweibettzimmer, Aufnahme&nbsp; t\u00e4glich m\u00f6glich <\/td><\/tr><tr><td> Indikationen <\/td><td>F\u00fcr alle Patientinnen und Patienten die auf intensive Pflege angewiesen sind z.b.&nbsp; neurologische Erkrankungen, Apoplexie, hypoxischer Hirnschaden, Neoplasien, Zustand mit\/nach Infektionskrankheiten <\/td><\/tr><tr><td> Leistungen <\/td><td>Langzeitpflege ,&nbsp; Kurzeitpflege , \u00dcbergangspflege , Langzeittherapie, Wundbehandlung station\u00e4r <\/td><\/tr><tr><td> Team&nbsp;&nbsp; <\/td><td>Physio- und Ergotherapeuten, Logop\u00e4den, examinierte Gesundheits- und&nbsp; Pflegefachkr\u00e4fte , Pflegeassistenten, Sozialp\u00e4dagogen <\/td><\/tr><tr><td> Kooperationspartner <\/td><td>Rehakliniken , Akutkrankenh\u00e4user , Pflegeeinrichtungen , Senioreneinrichtungen, ambulante Dienste <\/td><\/tr><tr><td> Kostentr\u00e4ger <\/td><td>Berufsgenossenschaften, Pflegekassen , Sozialhilfetr\u00e4ger , gesetzliche Krankenkassen <\/td><\/tr><\/tbody><\/table><\/figure>\n\n\n\n<p><\/p>\n","protected":false},"excerpt":{"rendered":"<p>Unsere Homepage ist noch in Arbeit. Sie stehen vor der schwierigen Aufgabe eine bestm\u00f6gliche Versorgung f\u00fcr Ihren Patienten oder Angeh\u00f6rigen zu finden. Hierbei m\u00fcssen viele Aspekte ber\u00fccksichtigt werden. Wir bieten Ihnen an: Unsere Fachbereiche \u00e4rztliche Behandlung und Betreuung Physiotherapie Ergotherapie Logop\u00e4die neurologisch ausgelegte, aktivierende Grund- und Behandlungspflege psychosoziale Betreuung Fortbildung Unsere Kompetenzen Langzeitbeatmung Weaning Wundmanagement&hellip; <a class=\"more-link\" href=\"https:\/\/neuroplan.de\/\"><span class=\"screen-reader-text\">NeuroPlan<\/span> weiterlesen<\/a><\/p>\n","protected":false},"author":1,"featured_media":0,"parent":0,"menu_order":0,"comment_status":"closed","ping_status":"closed","template":"","meta":{"footnotes":""},"class_list":["post-27","page","type-page","status-publish","hentry","entry"],"yoast_head":"<!-- This site is optimized with the Yoast SEO plugin v27.3 - https:\/\/yoast.com\/product\/yoast-seo-wordpress\/ -->\n<title>NeuroPlan - Neuroplan<\/title>\n<meta name=\"robots\" content=\"index, follow, max-snippet:-1, max-image-preview:large, max-video-preview:-1\" \/>\n<link rel=\"canonical\" href=\"https:\/\/neuroplan.de\/\" \/>\n<meta property=\"og:locale\" content=\"de_DE\" \/>\n<meta property=\"og:type\" content=\"article\" \/>\n<meta property=\"og:title\" content=\"NeuroPlan - Neuroplan\" \/>\n<meta property=\"og:description\" content=\"Unsere Homepage ist noch in Arbeit. Sie stehen vor der schwierigen Aufgabe eine bestm\u00f6gliche Versorgung f\u00fcr Ihren Patienten oder Angeh\u00f6rigen zu finden. Hierbei m\u00fcssen viele Aspekte ber\u00fccksichtigt werden. Wir bieten Ihnen an: Unsere Fachbereiche \u00e4rztliche Behandlung und Betreuung Physiotherapie Ergotherapie Logop\u00e4die neurologisch ausgelegte, aktivierende Grund- und Behandlungspflege psychosoziale Betreuung Fortbildung Unsere Kompetenzen Langzeitbeatmung Weaning Wundmanagement&hellip; NeuroPlan weiterlesen\" \/>\n<meta property=\"og:url\" content=\"https:\/\/neuroplan.de\/\" \/>\n<meta property=\"og:site_name\" content=\"Neuroplan\" \/>\n<meta property=\"article:modified_time\" content=\"2021-12-10T09:49:57+00:00\" \/>\n<meta property=\"og:image\" content=\"https:\/\/neuroplan.de\/wp-content\/uploads\/2021\/10\/haende.jpg\" \/>\n<meta name=\"twitter:card\" content=\"summary_large_image\" \/>\n<meta name=\"twitter:label1\" content=\"Gesch\u00e4tzte Lesezeit\" \/>\n\t<meta name=\"twitter:data1\" content=\"4\u00a0Minuten\" \/>\n<script type=\"application\/ld+json\" class=\"yoast-schema-graph\">{\"@context\":\"https:\\\/\\\/schema.org\",\"@graph\":[{\"@type\":\"WebPage\",\"@id\":\"https:\\\/\\\/neuroplan.de\\\/\",\"url\":\"https:\\\/\\\/neuroplan.de\\\/\",\"name\":\"NeuroPlan - Neuroplan\",\"isPartOf\":{\"@id\":\"https:\\\/\\\/neuroplan.de\\\/#website\"},\"primaryImageOfPage\":{\"@id\":\"https:\\\/\\\/neuroplan.de\\\/#primaryimage\"},\"image\":{\"@id\":\"https:\\\/\\\/neuroplan.de\\\/#primaryimage\"},\"thumbnailUrl\":\"https:\\\/\\\/neuroplan.de\\\/wp-content\\\/uploads\\\/2021\\\/10\\\/haende.jpg\",\"datePublished\":\"2021-10-01T11:11:03+00:00\",\"dateModified\":\"2021-12-10T09:49:57+00:00\",\"breadcrumb\":{\"@id\":\"https:\\\/\\\/neuroplan.de\\\/#breadcrumb\"},\"inLanguage\":\"de\",\"potentialAction\":[{\"@type\":\"ReadAction\",\"target\":[\"https:\\\/\\\/neuroplan.de\\\/\"]}]},{\"@type\":\"ImageObject\",\"inLanguage\":\"de\",\"@id\":\"https:\\\/\\\/neuroplan.de\\\/#primaryimage\",\"url\":\"https:\\\/\\\/neuroplan.de\\\/wp-content\\\/uploads\\\/2021\\\/10\\\/haende.jpg\",\"contentUrl\":\"https:\\\/\\\/neuroplan.de\\\/wp-content\\\/uploads\\\/2021\\\/10\\\/haende.jpg\",\"width\":1920,\"height\":1281},{\"@type\":\"BreadcrumbList\",\"@id\":\"https:\\\/\\\/neuroplan.de\\\/#breadcrumb\",\"itemListElement\":[{\"@type\":\"ListItem\",\"position\":1,\"name\":\"Startseite\",\"item\":\"https:\\\/\\\/neuroplan.de\\\/\"},{\"@type\":\"ListItem\",\"position\":2,\"name\":\"NeuroPlan\"}]},{\"@type\":\"WebSite\",\"@id\":\"https:\\\/\\\/neuroplan.de\\\/#website\",\"url\":\"https:\\\/\\\/neuroplan.de\\\/\",\"name\":\"Neuroplan\",\"description\":\"Intensivpflege \u2022 Therapie \u2022 Medizin\",\"publisher\":{\"@id\":\"https:\\\/\\\/neuroplan.de\\\/#organization\"},\"potentialAction\":[{\"@type\":\"SearchAction\",\"target\":{\"@type\":\"EntryPoint\",\"urlTemplate\":\"https:\\\/\\\/neuroplan.de\\\/?s={search_term_string}\"},\"query-input\":{\"@type\":\"PropertyValueSpecification\",\"valueRequired\":true,\"valueName\":\"search_term_string\"}}],\"inLanguage\":\"de\"},{\"@type\":\"Organization\",\"@id\":\"https:\\\/\\\/neuroplan.de\\\/#organization\",\"name\":\"Neuroplan\",\"url\":\"https:\\\/\\\/neuroplan.de\\\/\",\"logo\":{\"@type\":\"ImageObject\",\"inLanguage\":\"de\",\"@id\":\"https:\\\/\\\/neuroplan.de\\\/#\\\/schema\\\/logo\\\/image\\\/\",\"url\":\"https:\\\/\\\/neuroplan.de\\\/wp-content\\\/uploads\\\/2021\\\/10\\\/neuroplanlogo-2.png\",\"contentUrl\":\"https:\\\/\\\/neuroplan.de\\\/wp-content\\\/uploads\\\/2021\\\/10\\\/neuroplanlogo-2.png\",\"width\":498,\"height\":103,\"caption\":\"Neuroplan\"},\"image\":{\"@id\":\"https:\\\/\\\/neuroplan.de\\\/#\\\/schema\\\/logo\\\/image\\\/\"}}]}<\/script>\n<!-- \/ Yoast SEO plugin. -->","yoast_head_json":{"title":"NeuroPlan - Neuroplan","robots":{"index":"index","follow":"follow","max-snippet":"max-snippet:-1","max-image-preview":"max-image-preview:large","max-video-preview":"max-video-preview:-1"},"canonical":"https:\/\/neuroplan.de\/","og_locale":"de_DE","og_type":"article","og_title":"NeuroPlan - Neuroplan","og_description":"Unsere Homepage ist noch in Arbeit. Sie stehen vor der schwierigen Aufgabe eine bestm\u00f6gliche Versorgung f\u00fcr Ihren Patienten oder Angeh\u00f6rigen zu finden. Hierbei m\u00fcssen viele Aspekte ber\u00fccksichtigt werden. Wir bieten Ihnen an: Unsere Fachbereiche \u00e4rztliche Behandlung und Betreuung Physiotherapie Ergotherapie Logop\u00e4die neurologisch ausgelegte, aktivierende Grund- und Behandlungspflege psychosoziale Betreuung Fortbildung Unsere Kompetenzen Langzeitbeatmung Weaning Wundmanagement&hellip; NeuroPlan weiterlesen","og_url":"https:\/\/neuroplan.de\/","og_site_name":"Neuroplan","article_modified_time":"2021-12-10T09:49:57+00:00","og_image":[{"url":"https:\/\/neuroplan.de\/wp-content\/uploads\/2021\/10\/haende.jpg","type":"","width":"","height":""}],"twitter_card":"summary_large_image","twitter_misc":{"Gesch\u00e4tzte Lesezeit":"4\u00a0Minuten"},"schema":{"@context":"https:\/\/schema.org","@graph":[{"@type":"WebPage","@id":"https:\/\/neuroplan.de\/","url":"https:\/\/neuroplan.de\/","name":"NeuroPlan - Neuroplan","isPartOf":{"@id":"https:\/\/neuroplan.de\/#website"},"primaryImageOfPage":{"@id":"https:\/\/neuroplan.de\/#primaryimage"},"image":{"@id":"https:\/\/neuroplan.de\/#primaryimage"},"thumbnailUrl":"https:\/\/neuroplan.de\/wp-content\/uploads\/2021\/10\/haende.jpg","datePublished":"2021-10-01T11:11:03+00:00","dateModified":"2021-12-10T09:49:57+00:00","breadcrumb":{"@id":"https:\/\/neuroplan.de\/#breadcrumb"},"inLanguage":"de","potentialAction":[{"@type":"ReadAction","target":["https:\/\/neuroplan.de\/"]}]},{"@type":"ImageObject","inLanguage":"de","@id":"https:\/\/neuroplan.de\/#primaryimage","url":"https:\/\/neuroplan.de\/wp-content\/uploads\/2021\/10\/haende.jpg","contentUrl":"https:\/\/neuroplan.de\/wp-content\/uploads\/2021\/10\/haende.jpg","width":1920,"height":1281},{"@type":"BreadcrumbList","@id":"https:\/\/neuroplan.de\/#breadcrumb","itemListElement":[{"@type":"ListItem","position":1,"name":"Startseite","item":"https:\/\/neuroplan.de\/"},{"@type":"ListItem","position":2,"name":"NeuroPlan"}]},{"@type":"WebSite","@id":"https:\/\/neuroplan.de\/#website","url":"https:\/\/neuroplan.de\/","name":"Neuroplan","description":"Intensivpflege \u2022 Therapie \u2022 Medizin","publisher":{"@id":"https:\/\/neuroplan.de\/#organization"},"potentialAction":[{"@type":"SearchAction","target":{"@type":"EntryPoint","urlTemplate":"https:\/\/neuroplan.de\/?s={search_term_string}"},"query-input":{"@type":"PropertyValueSpecification","valueRequired":true,"valueName":"search_term_string"}}],"inLanguage":"de"},{"@type":"Organization","@id":"https:\/\/neuroplan.de\/#organization","name":"Neuroplan","url":"https:\/\/neuroplan.de\/","logo":{"@type":"ImageObject","inLanguage":"de","@id":"https:\/\/neuroplan.de\/#\/schema\/logo\/image\/","url":"https:\/\/neuroplan.de\/wp-content\/uploads\/2021\/10\/neuroplanlogo-2.png","contentUrl":"https:\/\/neuroplan.de\/wp-content\/uploads\/2021\/10\/neuroplanlogo-2.png","width":498,"height":103,"caption":"Neuroplan"},"image":{"@id":"https:\/\/neuroplan.de\/#\/schema\/logo\/image\/"}}]}},"_links":{"self":[{"href":"https:\/\/neuroplan.de\/index.php?rest_route=\/wp\/v2\/pages\/27","targetHints":{"allow":["GET"]}}],"collection":[{"href":"https:\/\/neuroplan.de\/index.php?rest_route=\/wp\/v2\/pages"}],"about":[{"href":"https:\/\/neuroplan.de\/index.php?rest_route=\/wp\/v2\/types\/page"}],"author":[{"embeddable":true,"href":"https:\/\/neuroplan.de\/index.php?rest_route=\/wp\/v2\/users\/1"}],"replies":[{"embeddable":true,"href":"https:\/\/neuroplan.de\/index.php?rest_route=%2Fwp%2Fv2%2Fcomments&post=27"}],"version-history":[{"count":21,"href":"https:\/\/neuroplan.de\/index.php?rest_route=\/wp\/v2\/pages\/27\/revisions"}],"predecessor-version":[{"id":126,"href":"https:\/\/neuroplan.de\/index.php?rest_route=\/wp\/v2\/pages\/27\/revisions\/126"}],"wp:attachment":[{"href":"https:\/\/neuroplan.de\/index.php?rest_route=%2Fwp%2Fv2%2Fmedia&parent=27"}],"curies":[{"name":"wp","href":"https:\/\/api.w.org\/{rel}","templated":true}]}}